{"id":618,"date":"2019-01-25T10:56:05","date_gmt":"2019-01-25T10:56:05","guid":{"rendered":"https:\/\/restaurantelusiadas.com\/homepage\/"},"modified":"2020-02-12T17:25:41","modified_gmt":"2020-02-12T17:25:41","slug":"homepage","status":"publish","type":"page","link":"https:\/\/restaurantelusiadas.com\/en\/","title":{"rendered":"Fish &#038; Seafood Restaurant"},"content":{"rendered":"\n<p>The <strong>freshest fish and seafood<\/strong> await you at restaurant Os Lus\u00edadas. In <strong>Matosinhos<\/strong>, the city where the sea and the land meet, you\u2019ll find a restaurant with three generations of experience in the selection and preparation of unique dishes.<\/p>\n\n\n\n<p><\/p>\n","protected":false},"excerpt":{"rendered":"<p>The freshest fish and seafood await you at restaurant Os Lus\u00edadas. In Matosinhos, the city where the sea and the land meet, you\u2019ll find a restaurant with three generations of experience in the selection and preparation of unique dishes.<\/p>\n","protected":false},"author":1,"featured_media":0,"parent":0,"menu_order":0,"comment_status":"closed","ping_status":"closed","template":"index.php","meta":{"footnotes":""},"class_list":["post-618","page","type-page","status-publish","hentry"],"yoast_head":"<!-- This site is optimized with the Yoast SEO plugin v25.2 - https:\/\/yoast.com\/wordpress\/plugins\/seo\/ -->\n<title>Fish &amp; Seafood Restaurant - Restaurante Os Lus\u00edadas<\/title>\n<meta name=\"description\" content=\"Em Matosinhos, terra onde o mar e a terra se encontram, encontra um restaurante com tr\u00eas gera\u00e7\u00f5es de experi\u00eancia na escolha e prepara\u00e7\u00e3o de pratos \u00fanicos.\" \/>\n<meta name=\"robots\" content=\"index, follow, max-snippet:-1, max-image-preview:large, max-video-preview:-1\" \/>\n<link rel=\"canonical\" href=\"https:\/\/restaurantelusiadas.com\/en\/\" \/>\n<script type=\"application\/ld+json\" class=\"yoast-schema-graph\">{\"@context\":\"https:\/\/schema.org\",\"@graph\":[{\"@type\":\"WebPage\",\"@id\":\"https:\/\/restaurantelusiadas.com\/en\/\",\"url\":\"https:\/\/restaurantelusiadas.com\/en\/\",\"name\":\"Fish & Seafood Restaurant - Restaurante Os Lus\u00edadas\",\"isPartOf\":{\"@id\":\"https:\/\/restaurantelusiadas.com\/en\/#website\"},\"datePublished\":\"2019-01-25T10:56:05+00:00\",\"dateModified\":\"2020-02-12T17:25:41+00:00\",\"description\":\"Em Matosinhos, terra onde o mar e a terra se encontram, encontra um restaurante com tr\u00eas gera\u00e7\u00f5es de experi\u00eancia na escolha e prepara\u00e7\u00e3o de pratos \u00fanicos.\",\"breadcrumb\":{\"@id\":\"https:\/\/restaurantelusiadas.com\/en\/#breadcrumb\"},\"inLanguage\":\"en-US\",\"potentialAction\":[{\"@type\":\"ReadAction\",\"target\":[\"https:\/\/restaurantelusiadas.com\/en\/\"]}]},{\"@type\":\"BreadcrumbList\",\"@id\":\"https:\/\/restaurantelusiadas.com\/en\/#breadcrumb\",\"itemListElement\":[{\"@type\":\"ListItem\",\"position\":1,\"name\":\"In\u00edcio\",\"item\":\"https:\/\/restaurantelusiadas.com\/en\/\"},{\"@type\":\"ListItem\",\"position\":2,\"name\":\"Fish &#038; Seafood Restaurant\"}]},{\"@type\":\"WebSite\",\"@id\":\"https:\/\/restaurantelusiadas.com\/en\/#website\",\"url\":\"https:\/\/restaurantelusiadas.com\/en\/\",\"name\":\"Restaurante Os Lus\u00edadas\",\"description\":\"Restaurante de Peixe e Marisco\",\"publisher\":{\"@id\":\"https:\/\/restaurantelusiadas.com\/en\/#organization\"},\"potentialAction\":[{\"@type\":\"SearchAction\",\"target\":{\"@type\":\"EntryPoint\",\"urlTemplate\":\"https:\/\/restaurantelusiadas.com\/en\/?s={search_term_string}\"},\"query-input\":{\"@type\":\"PropertyValueSpecification\",\"valueRequired\":true,\"valueName\":\"search_term_string\"}}],\"inLanguage\":\"en-US\"},{\"@type\":\"Organization\",\"@id\":\"https:\/\/restaurantelusiadas.com\/en\/#organization\",\"name\":\"Restaurante Os Lus\u00edadas\",\"url\":\"https:\/\/restaurantelusiadas.com\/en\/\",\"logo\":{\"@type\":\"ImageObject\",\"inLanguage\":\"en-US\",\"@id\":\"https:\/\/restaurantelusiadas.com\/en\/#\/schema\/logo\/image\/\",\"url\":\"https:\/\/restaurantelusiadas.com\/wp-content\/uploads\/2019\/05\/os_lusiadas.png\",\"contentUrl\":\"https:\/\/restaurantelusiadas.com\/wp-content\/uploads\/2019\/05\/os_lusiadas.png\",\"width\":720,\"height\":720,\"caption\":\"Restaurante Os Lus\u00edadas\"},\"image\":{\"@id\":\"https:\/\/restaurantelusiadas.com\/en\/#\/schema\/logo\/image\/\"},\"sameAs\":[\"https:\/\/www.facebook.com\/restaurantelusiadas\/\"]}]}<\/script>\n<!-- \/ Yoast SEO plugin. -->","yoast_head_json":{"title":"Fish & Seafood Restaurant - Restaurante Os Lus\u00edadas","description":"Em Matosinhos, terra onde o mar e a terra se encontram, encontra um restaurante com tr\u00eas gera\u00e7\u00f5es de experi\u00eancia na escolha e prepara\u00e7\u00e3o de pratos \u00fanicos.","robots":{"index":"index","follow":"follow","max-snippet":"max-snippet:-1","max-image-preview":"max-image-preview:large","max-video-preview":"max-video-preview:-1"},"canonical":"https:\/\/restaurantelusiadas.com\/en\/","schema":{"@context":"https:\/\/schema.org","@graph":[{"@type":"WebPage","@id":"https:\/\/restaurantelusiadas.com\/en\/","url":"https:\/\/restaurantelusiadas.com\/en\/","name":"Fish & Seafood Restaurant - Restaurante Os Lus\u00edadas","isPartOf":{"@id":"https:\/\/restaurantelusiadas.com\/en\/#website"},"datePublished":"2019-01-25T10:56:05+00:00","dateModified":"2020-02-12T17:25:41+00:00","description":"Em Matosinhos, terra onde o mar e a terra se encontram, encontra um restaurante com tr\u00eas gera\u00e7\u00f5es de experi\u00eancia na escolha e prepara\u00e7\u00e3o de pratos \u00fanicos.","breadcrumb":{"@id":"https:\/\/restaurantelusiadas.com\/en\/#breadcrumb"},"inLanguage":"en-US","potentialAction":[{"@type":"ReadAction","target":["https:\/\/restaurantelusiadas.com\/en\/"]}]},{"@type":"BreadcrumbList","@id":"https:\/\/restaurantelusiadas.com\/en\/#breadcrumb","itemListElement":[{"@type":"ListItem","position":1,"name":"In\u00edcio","item":"https:\/\/restaurantelusiadas.com\/en\/"},{"@type":"ListItem","position":2,"name":"Fish &#038; Seafood Restaurant"}]},{"@type":"WebSite","@id":"https:\/\/restaurantelusiadas.com\/en\/#website","url":"https:\/\/restaurantelusiadas.com\/en\/","name":"Restaurante Os Lus\u00edadas","description":"Restaurante de Peixe e Marisco","publisher":{"@id":"https:\/\/restaurantelusiadas.com\/en\/#organization"},"potentialAction":[{"@type":"SearchAction","target":{"@type":"EntryPoint","urlTemplate":"https:\/\/restaurantelusiadas.com\/en\/?s={search_term_string}"},"query-input":{"@type":"PropertyValueSpecification","valueRequired":true,"valueName":"search_term_string"}}],"inLanguage":"en-US"},{"@type":"Organization","@id":"https:\/\/restaurantelusiadas.com\/en\/#organization","name":"Restaurante Os Lus\u00edadas","url":"https:\/\/restaurantelusiadas.com\/en\/","logo":{"@type":"ImageObject","inLanguage":"en-US","@id":"https:\/\/restaurantelusiadas.com\/en\/#\/schema\/logo\/image\/","url":"https:\/\/restaurantelusiadas.com\/wp-content\/uploads\/2019\/05\/os_lusiadas.png","contentUrl":"https:\/\/restaurantelusiadas.com\/wp-content\/uploads\/2019\/05\/os_lusiadas.png","width":720,"height":720,"caption":"Restaurante Os Lus\u00edadas"},"image":{"@id":"https:\/\/restaurantelusiadas.com\/en\/#\/schema\/logo\/image\/"},"sameAs":["https:\/\/www.facebook.com\/restaurantelusiadas\/"]}]}},"_links":{"self":[{"href":"https:\/\/restaurantelusiadas.com\/en\/wp-json\/wp\/v2\/pages\/618","targetHints":{"allow":["GET"]}}],"collection":[{"href":"https:\/\/restaurantelusiadas.com\/en\/wp-json\/wp\/v2\/pages"}],"about":[{"href":"https:\/\/restaurantelusiadas.com\/en\/wp-json\/wp\/v2\/types\/page"}],"author":[{"embeddable":true,"href":"https:\/\/restaurantelusiadas.com\/en\/wp-json\/wp\/v2\/users\/1"}],"replies":[{"embeddable":true,"href":"https:\/\/restaurantelusiadas.com\/en\/wp-json\/wp\/v2\/comments?post=618"}],"version-history":[{"count":5,"href":"https:\/\/restaurantelusiadas.com\/en\/wp-json\/wp\/v2\/pages\/618\/revisions"}],"predecessor-version":[{"id":685,"href":"https:\/\/restaurantelusiadas.com\/en\/wp-json\/wp\/v2\/pages\/618\/revisions\/685"}],"wp:attachment":[{"href":"https:\/\/restaurantelusiadas.com\/en\/wp-json\/wp\/v2\/media?parent=618"}],"curies":[{"name":"wp","href":"https:\/\/api.w.org\/{rel}","templated":true}]}}