{"id":624,"date":"2019-01-22T16:03:02","date_gmt":"2019-01-22T16:03:02","guid":{"rendered":"https:\/\/restaurantelusiadas.com\/politica-privacidade\/"},"modified":"2025-06-30T08:47:39","modified_gmt":"2025-06-30T08:47:39","slug":"politica-privacidade11","status":"publish","type":"page","link":"https:\/\/restaurantelusiadas.com\/en\/politica-privacidade11\/","title":{"rendered":"Pol\u00edtica de privacidade"},"content":{"rendered":"\n<p>Pretende-se dar a conhecer aos utilizadores do website <a href=\"https:\/\/restaurantelusiadas.com\/en\/\">https:\/\/restaurantelusiadas.com<\/a> as regras gerais de tratamento de dados pessoais os quais s\u00e3o recolhidos e tratados no estrito respeito e cumprimento do disposto na legisla\u00e7\u00e3o de prote\u00e7\u00e3o de dados pessoais em vigor..<\/p>\n\n\n\n<p>Estamos empenhados na prote\u00e7\u00e3o e confidencialidade dos dados pessoais, tendo adotado as medidas que consideramos adequadas para assegurar a exatid\u00e3o, integridade e confidencialidade dos dados pessoais, bem como todos os demais direitos que assistem aos respetivos titulares.<\/p>\n\n\n\n<p>Esta declara\u00e7\u00e3o de privacidade foi atualizada pela \u00faltima vez em Junho de 2025.<\/p>\n\n\n\n<p>Nesta declara\u00e7\u00e3o de privacidade, explicamos o que fazemos com os dados que obtemos atrav\u00e9s deste website. Recomendamos que leia atentamente esta declara\u00e7\u00e3o.&nbsp;<\/p>\n\n\n\n<p><strong>Cumprimos os requisitos da legisla\u00e7\u00e3o de privacidade:<\/strong><\/p>\n\n\n\n<ol class=\"wp-block-list\">\n<li>Declaramos as finalidades para as quais processamos dados pessoais. Fazemos isso por meio desta declara\u00e7\u00e3o de privacidade;<\/li>\n\n\n\n<li>Pretendemos limitar a recolha de dados pessoais apenas aos dados pessoais necess\u00e1rios para fins leg\u00edtimos;<\/li>\n\n\n\n<li>Solicitamos em primeiro lugar o seu consentimento expl\u00edcito para processar os seus dados pessoais nos casos que requerem o seu consentimento;<\/li>\n\n\n\n<li>Tomamos medidas de seguran\u00e7a adequadas para proteger os seus dados pessoais e tamb\u00e9m exigimos isso de partes que processam dados pessoais em nosso nome;<\/li>\n\n\n\n<li>Respeitamos o seu direito de aceder aos seus dados pessoais, corrigi-los ou apag\u00e1-los, a seu pedido.<\/li>\n<\/ol>\n\n\n\n<p>Se tiver alguma d\u00favida ou quiser saber exatamente quais dados mantemos de si, entre em contacto connosco atrav\u00e9s do email referido no ultimo ponto desta Pol\u00edtica de Privacidade.<\/p>\n\n\n\n<p><strong>Princ\u00edpios Gerais<\/strong><\/p>\n\n\n\n<p>Comprometemo-nos a assegurar que os dados pessoais s\u00e3o:<\/p>\n\n\n\n<ol class=\"wp-block-list\">\n<li>Objeto de um tratamento l\u00edcito, leal e transparente em rela\u00e7\u00e3o aos titulares dos dados, recolhidos para finalidades determinadas, expl\u00edcitas e leg\u00edtimas, n\u00e3o sendo tratados posteriormente de uma forma incompat\u00edvel com essas finalidades para que s\u00e3o tratados;<\/li>\n\n\n\n<li>Conservados de uma forma que permita a identifica\u00e7\u00e3o dos titulares dos dados apenas durante o per\u00edodo necess\u00e1rio para as finalidades para as quais s\u00e3o tratados;<\/li>\n\n\n\n<li>Tratados de uma forma que garanta a sua seguran\u00e7a, incluindo a prote\u00e7\u00e3o contra o seu tratamento n\u00e3o autorizado ou ilegal e contra a sua perda, destrui\u00e7\u00e3o ou dano imprevisto, sendo adotadas as medidas t\u00e9cnicas ou organizativas adequadas.<\/li>\n<\/ol>\n\n\n\n<p><strong>Objetivos da Recolha de Dados Pessoais<\/strong><\/p>\n\n\n\n<p>Podemos recolher ou receber informa\u00e7\u00f5es pessoais para v\u00e1rios fins relacionados com as nossas opera\u00e7\u00f5es comerciais, que podem incluir o Contacto, atrav\u00e9s de telefone, correio, e-mail e\/ou formul\u00e1rios web<\/p>\n\n\n\n<p>Usamos os seguintes dados: Nome, Website, Endere\u00e7o, N\u00ba Fiscal, Email e Telefone<\/p>\n\n\n\n<p>A base na qual podemos processar esses dados \u00e9:<\/p>\n\n\n\n<ol class=\"wp-block-list\">\n<li>Para cumprimento de uma obriga\u00e7\u00e3o legal ou contratual, por exemplo quando lhe prestamos um dos nossos servi\u00e7os;<\/li>\n\n\n\n<li>Para lhe fornecer os nossos servi\u00e7os de newsletter, apenas e s\u00f3 quando solicitados (nome e e-mail);<\/li>\n\n\n\n<li>Quando utilizado o formul\u00e1rio de contacto, os dados aqui recolhidos t\u00eam como \u00fanico objetivo dar resposta \u00e0 informa\u00e7\u00e3o solicitada pelo Cliente, gest\u00e3o dos seus pedidos e controlo da qualidade dos servi\u00e7os prestados (nome, e-mail, n\u00famero de contacto);<\/li>\n<\/ol>\n\n\n\n<p><strong>Prazo de conserva\u00e7\u00e3o dos Dados Pessoais<\/strong><\/p>\n\n\n\n<p>Conservamos os Dados Pessoais apenas pelo per\u00edodo\/ tempo necess\u00e1rio \u00e0 execu\u00e7\u00e3o das finalidades espec\u00edficas para as quais foram recolhidos. No entanto, poderemos ser obrigados a armazenar alguns Dados Pessoais por um per\u00edodo maior, tendo em considera\u00e7\u00e3o fatores de ordem legal.<\/p>\n\n\n\n<p>Durante o per\u00edodo de Tratamento dos Dados Pessoais, garantimos que os mesmos s\u00e3o tratados em conformidade com esta Pol\u00edtica de Privacidade. Assim que os Dados j\u00e1 n\u00e3o sejam necess\u00e1rios, procederemos \u00e0 sua elimina\u00e7\u00e3o de forma segura.<\/p>\n\n\n\n<p>No que se refere ao consentimento, a remo\u00e7\u00e3o do consentimento n\u00e3o invalida o tratamento efetuado at\u00e9 essa data com base no consentimento anteriormente prestado.<\/p>\n\n\n\n<p><strong>Os seus direitos<\/strong><\/p>\n\n\n\n<p>Tem direito a:<\/p>\n\n\n\n<p>Estar informado<\/p>\n\n\n\n<p>Ao acesso, retifica\u00e7\u00e3o, limita\u00e7\u00e3o e ao apagamento dos dados<\/p>\n\n\n\n<p>\u00c0 portabilidade dos dados<\/p>\n\n\n\n<p>\u00c0 oposi\u00e7\u00e3o dos dados<\/p>\n\n\n\n<p>\u00c0 reclama\u00e7\u00e3o \u00e0s autoridades competentes<br><\/p>\n\n\n\n<p><strong>Pr\u00e1ticas de divulga\u00e7\u00e3o<\/strong><\/p>\n\n\n\n<p>Segue informa\u00e7\u00e3o sobre as nossas pr\u00e1ticas de divulga\u00e7\u00e3o:<\/p>\n\n\n\n<ol class=\"wp-block-list\">\n<li>Divulgamos informa\u00e7\u00f5es pessoais se formos obrigados por lei ou por ordem judicial.<\/li>\n\n\n\n<li>Se o nosso site ou organiza\u00e7\u00e3o for adquirido, vendido ou estiver envolvido numa fus\u00e3o ou aquisi\u00e7\u00e3o, os seus dados poder\u00e3o ser divulgados aos nossos consultores e a quaisquer potenciais compradores e ser\u00e3o repassados \u200b\u200baos novos propriet\u00e1rios.<\/li>\n\n\n\n<li>Existe&nbsp; um Acordo de Processamento de dados com o Google, mas o Google n\u00e3o pode usar os dados para nenhum outro servi\u00e7o do Google.<\/li>\n\n\n\n<li>A inclus\u00e3o de endere\u00e7os IP completos \u00e9 bloqueada por n\u00f3s.<\/li>\n<\/ol>\n\n\n\n<p><strong>Seguran\u00e7a<\/strong><\/p>\n\n\n\n<p>Estamos comprometidos com a seguran\u00e7a dos dados pessoais. Tomamos medidas de seguran\u00e7a adequadas para limitar o abuso e o acesso n\u00e3o autorizado aos dados pessoais.&nbsp;<\/p>\n\n\n\n<p><strong>Sites de terceiros<\/strong><\/p>\n\n\n\n<p>Esta declara\u00e7\u00e3o de privacidade n\u00e3o se aplica a sites de terceiros ligados por links do nosso site. N\u00e3o podemos garantir que esses terceiros manuseiem os seus dados pessoais de maneira confi\u00e1vel ou segura. Recomendamos que leia as declara\u00e7\u00f5es de privacidade desses sites antes de fazer uso deles.<\/p>\n\n\n\n<p><strong>Altera\u00e7\u00f5es a esta declara\u00e7\u00e3o de privacidade<\/strong><\/p>\n\n\n\n<p>Reservamo-nos o direito de fazer altera\u00e7\u00f5es a esta declara\u00e7\u00e3o de privacidade. \u00c9 recomend\u00e1vel que consulte esta declara\u00e7\u00e3o de privacidade regularmente, a fim de estar ciente de quaisquer altera\u00e7\u00f5es. Al\u00e9m disso, iremos inform\u00e1-lo ativamente sempre que poss\u00edvel.<\/p>\n\n\n\n<p><strong>Cookies<\/strong><\/p>\n\n\n\n<p>O nosso site usa cookies. Para obter mais informa\u00e7\u00f5es sobre cookies, consulte a nossa <a href=\"https:\/\/restaurantelusiadas.com\/politica-de-cookies\/\" target=\"_blank\" rel=\"noreferrer noopener\">Pol\u00edtica de Cookies.<\/a><\/p>\n\n\n\n<p><strong>Detalhes do contacto<\/strong><\/p>\n\n\n\n<p>Nome: Pereira &amp; Sacramento, Lda<br>Morada: Rua Tom\u00e1s Ribeiro, N\u00ba. 257 4<br>C\u00f3digo Postal: 4450-297 Matosinhos Portugal<br>N\u00famero Fiscal: 502692120<br>Email:\u00a0<a href=\"mailto:reservas@restaurantelusiadas.com\">reservas@restaurantelusiadas.com<\/a><\/p>\n","protected":false},"excerpt":{"rendered":"<p>Politica de Privacidade<\/p>\n","protected":false},"author":1,"featured_media":0,"parent":0,"menu_order":0,"comment_status":"closed","ping_status":"closed","template":"","meta":{"footnotes":""},"class_list":["post-624","page","type-page","status-publish","hentry"],"yoast_head":"<!-- This site is optimized with the Yoast SEO plugin v25.2 - https:\/\/yoast.com\/wordpress\/plugins\/seo\/ -->\n<title>Pol\u00edtica de privacidade - Restaurante Os Lus\u00edadas<\/title>\n<meta name=\"description\" content=\"Politica de Privacidade\" \/>\n<meta name=\"robots\" content=\"index, follow, max-snippet:-1, max-image-preview:large, max-video-preview:-1\" \/>\n<link rel=\"canonical\" href=\"https:\/\/restaurantelusiadas.com\/en\/politica-privacidade11\/\" \/>\n<meta name=\"twitter:label1\" content=\"Est. reading time\" \/>\n\t<meta name=\"twitter:data1\" content=\"5 minutes\" \/>\n<script type=\"application\/ld+json\" class=\"yoast-schema-graph\">{\"@context\":\"https:\/\/schema.org\",\"@graph\":[{\"@type\":\"WebPage\",\"@id\":\"https:\/\/restaurantelusiadas.com\/en\/politica-privacidade11\/\",\"url\":\"https:\/\/restaurantelusiadas.com\/en\/politica-privacidade11\/\",\"name\":\"Pol\u00edtica de privacidade - Restaurante Os Lus\u00edadas\",\"isPartOf\":{\"@id\":\"https:\/\/restaurantelusiadas.com\/en\/#website\"},\"datePublished\":\"2019-01-22T16:03:02+00:00\",\"dateModified\":\"2025-06-30T08:47:39+00:00\",\"description\":\"Politica de Privacidade\",\"breadcrumb\":{\"@id\":\"https:\/\/restaurantelusiadas.com\/en\/politica-privacidade11\/#breadcrumb\"},\"inLanguage\":\"en-US\",\"potentialAction\":[{\"@type\":\"ReadAction\",\"target\":[\"https:\/\/restaurantelusiadas.com\/en\/politica-privacidade11\/\"]}]},{\"@type\":\"BreadcrumbList\",\"@id\":\"https:\/\/restaurantelusiadas.com\/en\/politica-privacidade11\/#breadcrumb\",\"itemListElement\":[{\"@type\":\"ListItem\",\"position\":1,\"name\":\"In\u00edcio\",\"item\":\"https:\/\/restaurantelusiadas.com\/en\/\"},{\"@type\":\"ListItem\",\"position\":2,\"name\":\"Pol\u00edtica de privacidade\"}]},{\"@type\":\"WebSite\",\"@id\":\"https:\/\/restaurantelusiadas.com\/en\/#website\",\"url\":\"https:\/\/restaurantelusiadas.com\/en\/\",\"name\":\"Restaurante Os Lus\u00edadas\",\"description\":\"Restaurante de Peixe e Marisco\",\"publisher\":{\"@id\":\"https:\/\/restaurantelusiadas.com\/en\/#organization\"},\"potentialAction\":[{\"@type\":\"SearchAction\",\"target\":{\"@type\":\"EntryPoint\",\"urlTemplate\":\"https:\/\/restaurantelusiadas.com\/en\/?s={search_term_string}\"},\"query-input\":{\"@type\":\"PropertyValueSpecification\",\"valueRequired\":true,\"valueName\":\"search_term_string\"}}],\"inLanguage\":\"en-US\"},{\"@type\":\"Organization\",\"@id\":\"https:\/\/restaurantelusiadas.com\/en\/#organization\",\"name\":\"Restaurante Os Lus\u00edadas\",\"url\":\"https:\/\/restaurantelusiadas.com\/en\/\",\"logo\":{\"@type\":\"ImageObject\",\"inLanguage\":\"en-US\",\"@id\":\"https:\/\/restaurantelusiadas.com\/en\/#\/schema\/logo\/image\/\",\"url\":\"https:\/\/restaurantelusiadas.com\/wp-content\/uploads\/2019\/05\/os_lusiadas.png\",\"contentUrl\":\"https:\/\/restaurantelusiadas.com\/wp-content\/uploads\/2019\/05\/os_lusiadas.png\",\"width\":720,\"height\":720,\"caption\":\"Restaurante Os Lus\u00edadas\"},\"image\":{\"@id\":\"https:\/\/restaurantelusiadas.com\/en\/#\/schema\/logo\/image\/\"},\"sameAs\":[\"https:\/\/www.facebook.com\/restaurantelusiadas\/\"]}]}<\/script>\n<!-- \/ Yoast SEO plugin. -->","yoast_head_json":{"title":"Pol\u00edtica de privacidade - Restaurante Os Lus\u00edadas","description":"Politica de Privacidade","robots":{"index":"index","follow":"follow","max-snippet":"max-snippet:-1","max-image-preview":"max-image-preview:large","max-video-preview":"max-video-preview:-1"},"canonical":"https:\/\/restaurantelusiadas.com\/en\/politica-privacidade11\/","twitter_misc":{"Est. reading time":"5 minutes"},"schema":{"@context":"https:\/\/schema.org","@graph":[{"@type":"WebPage","@id":"https:\/\/restaurantelusiadas.com\/en\/politica-privacidade11\/","url":"https:\/\/restaurantelusiadas.com\/en\/politica-privacidade11\/","name":"Pol\u00edtica de privacidade - Restaurante Os Lus\u00edadas","isPartOf":{"@id":"https:\/\/restaurantelusiadas.com\/en\/#website"},"datePublished":"2019-01-22T16:03:02+00:00","dateModified":"2025-06-30T08:47:39+00:00","description":"Politica de Privacidade","breadcrumb":{"@id":"https:\/\/restaurantelusiadas.com\/en\/politica-privacidade11\/#breadcrumb"},"inLanguage":"en-US","potentialAction":[{"@type":"ReadAction","target":["https:\/\/restaurantelusiadas.com\/en\/politica-privacidade11\/"]}]},{"@type":"BreadcrumbList","@id":"https:\/\/restaurantelusiadas.com\/en\/politica-privacidade11\/#breadcrumb","itemListElement":[{"@type":"ListItem","position":1,"name":"In\u00edcio","item":"https:\/\/restaurantelusiadas.com\/en\/"},{"@type":"ListItem","position":2,"name":"Pol\u00edtica de privacidade"}]},{"@type":"WebSite","@id":"https:\/\/restaurantelusiadas.com\/en\/#website","url":"https:\/\/restaurantelusiadas.com\/en\/","name":"Restaurante Os Lus\u00edadas","description":"Restaurante de Peixe e Marisco","publisher":{"@id":"https:\/\/restaurantelusiadas.com\/en\/#organization"},"potentialAction":[{"@type":"SearchAction","target":{"@type":"EntryPoint","urlTemplate":"https:\/\/restaurantelusiadas.com\/en\/?s={search_term_string}"},"query-input":{"@type":"PropertyValueSpecification","valueRequired":true,"valueName":"search_term_string"}}],"inLanguage":"en-US"},{"@type":"Organization","@id":"https:\/\/restaurantelusiadas.com\/en\/#organization","name":"Restaurante Os Lus\u00edadas","url":"https:\/\/restaurantelusiadas.com\/en\/","logo":{"@type":"ImageObject","inLanguage":"en-US","@id":"https:\/\/restaurantelusiadas.com\/en\/#\/schema\/logo\/image\/","url":"https:\/\/restaurantelusiadas.com\/wp-content\/uploads\/2019\/05\/os_lusiadas.png","contentUrl":"https:\/\/restaurantelusiadas.com\/wp-content\/uploads\/2019\/05\/os_lusiadas.png","width":720,"height":720,"caption":"Restaurante Os Lus\u00edadas"},"image":{"@id":"https:\/\/restaurantelusiadas.com\/en\/#\/schema\/logo\/image\/"},"sameAs":["https:\/\/www.facebook.com\/restaurantelusiadas\/"]}]}},"_links":{"self":[{"href":"https:\/\/restaurantelusiadas.com\/en\/wp-json\/wp\/v2\/pages\/624","targetHints":{"allow":["GET"]}}],"collection":[{"href":"https:\/\/restaurantelusiadas.com\/en\/wp-json\/wp\/v2\/pages"}],"about":[{"href":"https:\/\/restaurantelusiadas.com\/en\/wp-json\/wp\/v2\/types\/page"}],"author":[{"embeddable":true,"href":"https:\/\/restaurantelusiadas.com\/en\/wp-json\/wp\/v2\/users\/1"}],"replies":[{"embeddable":true,"href":"https:\/\/restaurantelusiadas.com\/en\/wp-json\/wp\/v2\/comments?post=624"}],"version-history":[{"count":10,"href":"https:\/\/restaurantelusiadas.com\/en\/wp-json\/wp\/v2\/pages\/624\/revisions"}],"predecessor-version":[{"id":1157,"href":"https:\/\/restaurantelusiadas.com\/en\/wp-json\/wp\/v2\/pages\/624\/revisions\/1157"}],"wp:attachment":[{"href":"https:\/\/restaurantelusiadas.com\/en\/wp-json\/wp\/v2\/media?parent=624"}],"curies":[{"name":"wp","href":"https:\/\/api.w.org\/{rel}","templated":true}]}}