{"id":629,"date":"2019-08-13T14:05:17","date_gmt":"2019-08-13T14:05:17","guid":{"rendered":"https:\/\/restaurantelusiadas.com\/catering-restaurante-os-lusiadas\/"},"modified":"2020-02-12T16:58:36","modified_gmt":"2020-02-12T16:58:36","slug":"catering-restaurante-os-lusiadas","status":"publish","type":"page","link":"https:\/\/restaurantelusiadas.com\/en\/catering-restaurante-os-lusiadas\/","title":{"rendered":"Catering Restaurante Os Lus\u00edadas"},"content":{"rendered":"\n<p> The Restaurante Os Lus\u00edadas has a unique service for you. You can now enjoy <strong> the freshest fish and seafood or the tastiest meat<\/strong> in your own home as if you were in the comfort of our restaurant. <\/p>\n","protected":false},"excerpt":{"rendered":"<p>The Restaurante Os Lus\u00edadas has a unique service for you. You can now enjoy the freshest fish and seafood or the tastiest meat in your own home as if you were in the comfort of our restaurant.<\/p>\n","protected":false},"author":1,"featured_media":0,"parent":0,"menu_order":0,"comment_status":"closed","ping_status":"closed","template":"page-catering.php","meta":{"footnotes":""},"class_list":["post-629","page","type-page","status-publish","hentry"],"yoast_head":"<!-- This site is optimized with the Yoast SEO plugin v25.2 - https:\/\/yoast.com\/wordpress\/plugins\/seo\/ -->\n<title>Catering Restaurante Os Lus\u00edadas - Restaurante Os Lus\u00edadas<\/title>\n<meta name=\"description\" content=\"The Restaurante Os Lus\u00edadas has a unique service for you. You can now enjoy the freshest fish and seafood or the tastiest meat in your own home as if you\" \/>\n<meta name=\"robots\" content=\"index, follow, max-snippet:-1, max-image-preview:large, max-video-preview:-1\" \/>\n<link rel=\"canonical\" href=\"https:\/\/restaurantelusiadas.com\/en\/catering-restaurante-os-lusiadas\/\" \/>\n<script type=\"application\/ld+json\" class=\"yoast-schema-graph\">{\"@context\":\"https:\/\/schema.org\",\"@graph\":[{\"@type\":\"WebPage\",\"@id\":\"https:\/\/restaurantelusiadas.com\/en\/catering-restaurante-os-lusiadas\/\",\"url\":\"https:\/\/restaurantelusiadas.com\/en\/catering-restaurante-os-lusiadas\/\",\"name\":\"Catering Restaurante Os Lus\u00edadas - Restaurante Os Lus\u00edadas\",\"isPartOf\":{\"@id\":\"https:\/\/restaurantelusiadas.com\/en\/#website\"},\"datePublished\":\"2019-08-13T14:05:17+00:00\",\"dateModified\":\"2020-02-12T16:58:36+00:00\",\"description\":\"The Restaurante Os Lus\u00edadas has a unique service for you. You can now enjoy the freshest fish and seafood or the tastiest meat in your own home as if you\",\"breadcrumb\":{\"@id\":\"https:\/\/restaurantelusiadas.com\/en\/catering-restaurante-os-lusiadas\/#breadcrumb\"},\"inLanguage\":\"en-US\",\"potentialAction\":[{\"@type\":\"ReadAction\",\"target\":[\"https:\/\/restaurantelusiadas.com\/en\/catering-restaurante-os-lusiadas\/\"]}]},{\"@type\":\"BreadcrumbList\",\"@id\":\"https:\/\/restaurantelusiadas.com\/en\/catering-restaurante-os-lusiadas\/#breadcrumb\",\"itemListElement\":[{\"@type\":\"ListItem\",\"position\":1,\"name\":\"In\u00edcio\",\"item\":\"https:\/\/restaurantelusiadas.com\/en\/\"},{\"@type\":\"ListItem\",\"position\":2,\"name\":\"Catering Restaurante Os Lus\u00edadas\"}]},{\"@type\":\"WebSite\",\"@id\":\"https:\/\/restaurantelusiadas.com\/en\/#website\",\"url\":\"https:\/\/restaurantelusiadas.com\/en\/\",\"name\":\"Restaurante Os Lus\u00edadas\",\"description\":\"Restaurante de Peixe e Marisco\",\"publisher\":{\"@id\":\"https:\/\/restaurantelusiadas.com\/en\/#organization\"},\"potentialAction\":[{\"@type\":\"SearchAction\",\"target\":{\"@type\":\"EntryPoint\",\"urlTemplate\":\"https:\/\/restaurantelusiadas.com\/en\/?s={search_term_string}\"},\"query-input\":{\"@type\":\"PropertyValueSpecification\",\"valueRequired\":true,\"valueName\":\"search_term_string\"}}],\"inLanguage\":\"en-US\"},{\"@type\":\"Organization\",\"@id\":\"https:\/\/restaurantelusiadas.com\/en\/#organization\",\"name\":\"Restaurante Os Lus\u00edadas\",\"url\":\"https:\/\/restaurantelusiadas.com\/en\/\",\"logo\":{\"@type\":\"ImageObject\",\"inLanguage\":\"en-US\",\"@id\":\"https:\/\/restaurantelusiadas.com\/en\/#\/schema\/logo\/image\/\",\"url\":\"https:\/\/restaurantelusiadas.com\/wp-content\/uploads\/2019\/05\/os_lusiadas.png\",\"contentUrl\":\"https:\/\/restaurantelusiadas.com\/wp-content\/uploads\/2019\/05\/os_lusiadas.png\",\"width\":720,\"height\":720,\"caption\":\"Restaurante Os Lus\u00edadas\"},\"image\":{\"@id\":\"https:\/\/restaurantelusiadas.com\/en\/#\/schema\/logo\/image\/\"},\"sameAs\":[\"https:\/\/www.facebook.com\/restaurantelusiadas\/\"]}]}<\/script>\n<!-- \/ Yoast SEO plugin. -->","yoast_head_json":{"title":"Catering Restaurante Os Lus\u00edadas - Restaurante Os Lus\u00edadas","description":"The Restaurante Os Lus\u00edadas has a unique service for you. You can now enjoy the freshest fish and seafood or the tastiest meat in your own home as if you","robots":{"index":"index","follow":"follow","max-snippet":"max-snippet:-1","max-image-preview":"max-image-preview:large","max-video-preview":"max-video-preview:-1"},"canonical":"https:\/\/restaurantelusiadas.com\/en\/catering-restaurante-os-lusiadas\/","schema":{"@context":"https:\/\/schema.org","@graph":[{"@type":"WebPage","@id":"https:\/\/restaurantelusiadas.com\/en\/catering-restaurante-os-lusiadas\/","url":"https:\/\/restaurantelusiadas.com\/en\/catering-restaurante-os-lusiadas\/","name":"Catering Restaurante Os Lus\u00edadas - Restaurante Os Lus\u00edadas","isPartOf":{"@id":"https:\/\/restaurantelusiadas.com\/en\/#website"},"datePublished":"2019-08-13T14:05:17+00:00","dateModified":"2020-02-12T16:58:36+00:00","description":"The Restaurante Os Lus\u00edadas has a unique service for you. You can now enjoy the freshest fish and seafood or the tastiest meat in your own home as if you","breadcrumb":{"@id":"https:\/\/restaurantelusiadas.com\/en\/catering-restaurante-os-lusiadas\/#breadcrumb"},"inLanguage":"en-US","potentialAction":[{"@type":"ReadAction","target":["https:\/\/restaurantelusiadas.com\/en\/catering-restaurante-os-lusiadas\/"]}]},{"@type":"BreadcrumbList","@id":"https:\/\/restaurantelusiadas.com\/en\/catering-restaurante-os-lusiadas\/#breadcrumb","itemListElement":[{"@type":"ListItem","position":1,"name":"In\u00edcio","item":"https:\/\/restaurantelusiadas.com\/en\/"},{"@type":"ListItem","position":2,"name":"Catering Restaurante Os Lus\u00edadas"}]},{"@type":"WebSite","@id":"https:\/\/restaurantelusiadas.com\/en\/#website","url":"https:\/\/restaurantelusiadas.com\/en\/","name":"Restaurante Os Lus\u00edadas","description":"Restaurante de Peixe e Marisco","publisher":{"@id":"https:\/\/restaurantelusiadas.com\/en\/#organization"},"potentialAction":[{"@type":"SearchAction","target":{"@type":"EntryPoint","urlTemplate":"https:\/\/restaurantelusiadas.com\/en\/?s={search_term_string}"},"query-input":{"@type":"PropertyValueSpecification","valueRequired":true,"valueName":"search_term_string"}}],"inLanguage":"en-US"},{"@type":"Organization","@id":"https:\/\/restaurantelusiadas.com\/en\/#organization","name":"Restaurante Os Lus\u00edadas","url":"https:\/\/restaurantelusiadas.com\/en\/","logo":{"@type":"ImageObject","inLanguage":"en-US","@id":"https:\/\/restaurantelusiadas.com\/en\/#\/schema\/logo\/image\/","url":"https:\/\/restaurantelusiadas.com\/wp-content\/uploads\/2019\/05\/os_lusiadas.png","contentUrl":"https:\/\/restaurantelusiadas.com\/wp-content\/uploads\/2019\/05\/os_lusiadas.png","width":720,"height":720,"caption":"Restaurante Os Lus\u00edadas"},"image":{"@id":"https:\/\/restaurantelusiadas.com\/en\/#\/schema\/logo\/image\/"},"sameAs":["https:\/\/www.facebook.com\/restaurantelusiadas\/"]}]}},"_links":{"self":[{"href":"https:\/\/restaurantelusiadas.com\/en\/wp-json\/wp\/v2\/pages\/629","targetHints":{"allow":["GET"]}}],"collection":[{"href":"https:\/\/restaurantelusiadas.com\/en\/wp-json\/wp\/v2\/pages"}],"about":[{"href":"https:\/\/restaurantelusiadas.com\/en\/wp-json\/wp\/v2\/types\/page"}],"author":[{"embeddable":true,"href":"https:\/\/restaurantelusiadas.com\/en\/wp-json\/wp\/v2\/users\/1"}],"replies":[{"embeddable":true,"href":"https:\/\/restaurantelusiadas.com\/en\/wp-json\/wp\/v2\/comments?post=629"}],"version-history":[{"count":3,"href":"https:\/\/restaurantelusiadas.com\/en\/wp-json\/wp\/v2\/pages\/629\/revisions"}],"predecessor-version":[{"id":672,"href":"https:\/\/restaurantelusiadas.com\/en\/wp-json\/wp\/v2\/pages\/629\/revisions\/672"}],"wp:attachment":[{"href":"https:\/\/restaurantelusiadas.com\/en\/wp-json\/wp\/v2\/media?parent=629"}],"curies":[{"name":"wp","href":"https:\/\/api.w.org\/{rel}","templated":true}]}}